{"id":553,"date":"2020-05-24T21:52:15","date_gmt":"2020-05-24T19:52:15","guid":{"rendered":"http:\/\/atelierps.home.pl\/autoinstalator\/wordpress1\/pl\/?page_id=553"},"modified":"2020-07-05T19:43:54","modified_gmt":"2020-07-05T17:43:54","slug":"konferencje","status":"publish","type":"page","link":"https:\/\/atelierps.pl\/en\/konferencje\/","title":{"rendered":"Conferences"},"content":{"rendered":"<h3>2005<\/h3>\n<p>(MS) Discussion moderating in the ARCHITECTURE editor's office - About the Form 02\/2005<\/p>\n<h3>2003<\/h3>\n<p>(MS) Architecture chat (Styles, schools, trends)\n16.04.2003<\/p>\n<h3>1997<\/h3>\n<p>(MP\/MS) Presentation of works and conducting architectonic workshops<br \/>\nWroclaw 2000 - subject Museum of water, 12.11-16.11 1997<\/p>\n<h3>1994<\/h3>\n<p>(MP\/MS) Presentation of works I - SUAS\/University of Sheffield  16.02.1994<\/p>\n<h3>1992<\/h3>\n<p>(MP\/MS) Presentation of works - SUAS\/University of Sheffield 4.12.1992<\/p>\n<p>(MP\/MS) \"Opening of Imagination\", University of Sheffield 4.12.1992<\/p>\n<h3>1990<\/h3>\n<p>(MP\/MS) Presentation of works<\/p>\n<ul>\n<li style=\"list-style-type: none;\">\n<ul>\n<li>Mansell Jenkinson Partnership in Sheffield<\/li>\n<li>Company of Designers in Bath<\/li>\n<li>Design & Building Services in Sheffield<\/li>\n<\/ul>\n<\/li>\n<\/ul>\n<h3>1988<\/h3>\n<p>(MP\/MS) Architectonic Workshops EASA - \"Dimension Between\",<br \/>\nWest Berlin, 1.07-15.07.1988<\/p>\n<p>(MS) \"Architecture - reflection of state of consciousness, morality and ethics of society - Forum of artists, scientists, theoristsand art critiques, Koszalin-Sarbinowo<\/p>\n<p>(MP) \"Opening...\" - Alma-Ata\/USSR<\/p>\n<h3>1987<\/h3>\n<p>(MP\/MS) \"Opening...\" - WPA, Katowice<\/p>\n<p>(MP\/MS) \"Opening the consciousness\" - presentation of teaching architecture method at conference \"Introductory architecture teaching\", Gliwice<\/p>\n<p>(MS) \"Architecture, Nature and Words\"<br \/>\nInternational conference organized \nby Faculty of Philology of US, on subject \"Rhetoric of the Critical Discourse\", Katowice<\/p>\n<h3>1985<\/h3>\n<p>(MS)\"Postmodernism in Architecture\" International conference organized \nby Faculty of Philology of US, on subject \"Literature and Its Others\", Katowice<\/p>\n<h3>1984<\/h3>\n<p>(MP\/MS) \"Designing as expression of space of memory\"<br \/>\nConservatory of Polish Architecture, Mogillany<\/p>\n<p>(MP\/MS) Representing the paper, ditto, in SARP, Katowice<\/p>\n<h3>1983<\/h3>\n<p>(MP\/MS) \"Making use of experiences gained from forein practices in didactic work\" on Symposium of Industrial Architecture, Kazimierz on the Vistula River<\/p>","protected":false},"excerpt":{"rendered":"<p>2005 (MS) Prowadzenie dyskusji w Redakcji ARCHITEKTURY- o formie, 02\/2005 2003 (MS) Czat Architektury (Style, szko\u0142y, trendy),\u00a016.04.2003 1997 (MP\/MS) Prezentacja tw\u00f3rczo\u015bci oraz prowadzenie warsztat\u00f3w architektonicznych Wroc\u0142aw 2000 &#8211; temat Muzeum wody,\u00a012.11-16.11 1997 1994 (MP\/MS) Prezentacja tw\u00f3rczo\u015bci I &#8211; SUAS\/University of Sheffield,\u00a016.02.1994 1992 (MP\/MS) Prezentacja tw\u00f3rczo\u015bci &#8211; SUAS\/University of Sheffield,\u00a04.12.1992 (MP\/MS) &#8222;Opening of Imagination&#8221;, University of [&hellip;]<\/p>","protected":false},"author":1,"featured_media":0,"parent":0,"menu_order":0,"comment_status":"closed","ping_status":"closed","template":"","meta":{"footnotes":""},"_links":{"self":[{"href":"https:\/\/atelierps.pl\/en\/wp-json\/wp\/v2\/pages\/553"}],"collection":[{"href":"https:\/\/atelierps.pl\/en\/wp-json\/wp\/v2\/pages"}],"about":[{"href":"https:\/\/atelierps.pl\/en\/wp-json\/wp\/v2\/types\/page"}],"author":[{"embeddable":true,"href":"https:\/\/atelierps.pl\/en\/wp-json\/wp\/v2\/users\/1"}],"replies":[{"embeddable":true,"href":"https:\/\/atelierps.pl\/en\/wp-json\/wp\/v2\/comments?post=553"}],"version-history":[{"count":7,"href":"https:\/\/atelierps.pl\/en\/wp-json\/wp\/v2\/pages\/553\/revisions"}],"predecessor-version":[{"id":2715,"href":"https:\/\/atelierps.pl\/en\/wp-json\/wp\/v2\/pages\/553\/revisions\/2715"}],"wp:attachment":[{"href":"https:\/\/atelierps.pl\/en\/wp-json\/wp\/v2\/media?parent=553"}],"curies":[{"name":"wp","href":"https:\/\/api.w.org\/{rel}","templated":true}]}}