{"id":538,"date":"2020-05-24T21:45:53","date_gmt":"2020-05-24T19:45:53","guid":{"rendered":"http:\/\/atelierps.home.pl\/autoinstalator\/wordpress1\/pl\/?page_id=538"},"modified":"2020-07-05T19:40:57","modified_gmt":"2020-07-05T17:40:57","slug":"wystawy","status":"publish","type":"page","link":"https:\/\/atelierps.pl\/en\/wystawy\/","title":{"rendered":"Exhibitions"},"content":{"rendered":"<h3>2016<\/h3>\n<p>SPAW 2016 \u2013 Silesian Architecture Review - Bryn\u00f3w Center\n\u2013 Scientific-Technical WST Park in Katowice, Marcredo Retail Center in Piekary\n\u015al\u0105skie, Extension and Rebuilding of the University of Silesia Rectorate in\nKatowice and two houses: High Doors House and Catbirds House<\/p>\n<p><span style=\"color: inherit; font-size: 1em;\">V4 Family Houses \u2013 Single Family Houses of Visehrad Group Countries, <\/span><span style=\"color: inherit; font-size: 1em;\">VIII Edition \u2013 High Doors House and Catbirds House<\/span><\/p>\n<h3>2012<\/h3>\n<p>Silesian Review of Architecture of Voivodeship 2000-2012<\/p>\n<h3>1995<\/h3>\n<p>International Exhibition of Architecture on the occasion of the 30th Anniversary of Museum of Architecture in Wroclaw<\/p>\n<h3>1994<\/h3>\n<p>Exhibition \u201dBaustelle : Polen\u201d- 12 Polish Architects in the Gallery of Akademie der Kunste, Berlin, Pariser Platz 4, 05-07.1994<\/p>\n<p>Exhibition of contemporary achievements of polish architecture  - accompanying UIA Congress in Chicago \/ USA<\/p>\n<p>Juries exhibition of IV International Biennale of Architecture in Cracow<\/p>\n<h3>1991<\/h3>\n<p>Individual exhibition in School of Architectural Studies, University of Sheffield \/ UK<\/p>\n<h3>1990-1991<\/h3>\n<p>Exhibition of designs of expansion of Dulwich Picture Gallery, London<\/p>\n<ul>\n<li style=\"list-style-type: none;\">\n<ul>\n<li>Dulwich Picture Gallery, London<\/li>\n<li>9H Gallery, London<\/li>\n<li>Royal Institute of British Architects, London, Portland Place 66<\/li>\n<li>School of Architecture, Plymouth<\/li>\n<li>Welsh School of Architecture, Cardiff<\/li>\n<li>Oxford Polytechnic, Oxford<\/li>\n<li>School of Architecture, Birmingham<\/li>\n<li>Leicester Polytechnic<\/li>\n<\/ul>\n<\/li>\n<\/ul>\n<h3>1989<\/h3>\n<p>Exhibition Polish Architectonic Drawings, Cracow and Polnische Architekturzeichnungen der Gegenwart - Galerie fur Architektur und Raum, West Berlin + Paris<\/p>\n<h3>1987<\/h3>\n<p>II Biennale of Architecture, Cracow and displacemnt to Wroclaw<\/p>\n<p><span style=\"color: inherit; font-size: 1em;\">Voivodeship Review of Architecture (distinction)<\/span><\/p>\n<h3>1986<\/h3>\n<p>Flight attempt - Exhibition of Young Architecture, Katowice<\/p>\n<h3>1985<\/h3>\n<p>I Biennale of Architecture, Cracow and displacement to Wroclaw<\/p>\n<p><span style=\"color: inherit; font-size: 1em;\">III Biennale of Architecture, Venice \/ Italy and displacement to\u00a0<\/span><span style=\"color: inherit; font-size: 1em;\">Brussels\/Belgium (distinction)<\/span><\/p>\n<h3>1984<\/h3>\n<p>Voivodeship Review of Architecture<\/p>","protected":false},"excerpt":{"rendered":"<p>2016 SPAW 2016 \u2013 Przegl\u0105d Architektury Wojew\u00f3dztwa \u015al\u0105skiego \u2013 Bryn\u00f3w Center,\u00a0Katowice; Centrum Handlowe Marcredo, Piekary \u015al\u0105skie; Rektorat Uniwersytetu\u00a0\u015al\u0105skiego, Katowice; Dom Wysokich Drzwi, Katowice; Dom Drozd\u00f3w, Katowice V4 Family Houses \u2013 Domy Jednorodzinne Kraj\u00f3w Grupy Wyszehradzkiej, VIII edycja \u2013 Dom Wysokich Drzwi 2012 \u015al\u0105ski Przegl\u0105d Architektury Wojew\u00f3dztwa 2000-2012 1995 Mi\u0119dzynarodowa Wystawa Architektury z okazji 30-lecia Muzeum\u00a0Architektury [&hellip;]<\/p>","protected":false},"author":1,"featured_media":0,"parent":0,"menu_order":0,"comment_status":"closed","ping_status":"closed","template":"","meta":{"footnotes":""},"_links":{"self":[{"href":"https:\/\/atelierps.pl\/en\/wp-json\/wp\/v2\/pages\/538"}],"collection":[{"href":"https:\/\/atelierps.pl\/en\/wp-json\/wp\/v2\/pages"}],"about":[{"href":"https:\/\/atelierps.pl\/en\/wp-json\/wp\/v2\/types\/page"}],"author":[{"embeddable":true,"href":"https:\/\/atelierps.pl\/en\/wp-json\/wp\/v2\/users\/1"}],"replies":[{"embeddable":true,"href":"https:\/\/atelierps.pl\/en\/wp-json\/wp\/v2\/comments?post=538"}],"version-history":[{"count":7,"href":"https:\/\/atelierps.pl\/en\/wp-json\/wp\/v2\/pages\/538\/revisions"}],"predecessor-version":[{"id":2714,"href":"https:\/\/atelierps.pl\/en\/wp-json\/wp\/v2\/pages\/538\/revisions\/2714"}],"wp:attachment":[{"href":"https:\/\/atelierps.pl\/en\/wp-json\/wp\/v2\/media?parent=538"}],"curies":[{"name":"wp","href":"https:\/\/api.w.org\/{rel}","templated":true}]}}