{"id":3528,"date":"2024-10-01T13:28:23","date_gmt":"2024-10-01T11:28:23","guid":{"rendered":"https:\/\/atelierps.pl\/?page_id=3528"},"modified":"2024-10-01T13:28:24","modified_gmt":"2024-10-01T11:28:24","slug":"nominacja-atelier-ps-w-konkursie-sarp","status":"publish","type":"page","link":"https:\/\/atelierps.pl\/en\/nominacja-atelier-ps-w-konkursie-sarp\/","title":{"rendered":"Atelier PS nominated in an annual SARP Competition"},"content":{"rendered":"<p>The Jury of the Award of the Year 2024 of the Association of Polish Architects selected 21 projects from 83 submitted projects for the final \nstage of the Competition. In the category: Cultural Building, the object: Golgotha \u200b\u200bof the East in the Bastion of St. Barbara,\nChapel of the Jasna G\u00f3ra Mother of Reconciliation at Jasna G\u00f3ra designed by Atelier PS was nominated. \nBelow is a link to the full list of nominated projects.<\/p>\n\n\n\n<p><a href=\"https:\/\/www.sarp.pl\/pokaz\/lista_nominacji_w_konkursie_nagroda_roku_sarp_2024,3433\">https:\/\/www.sarp.pl\/pokaz\/lista_nominacji_w_konkursie_nagroda_roku_sarp_2024,3433<\/a><\/p>","protected":false},"excerpt":{"rendered":"<p>Jury Nagrody Roku Stowarzyszenia Architekt\u00f3w Polskich 2024 spo\u015br\u00f3d 83 zg\u0142oszonych projekt\u00f3w wybra\u0142o 21 realizacji do fina\u0142owego etapu Konkursu. W kategorii: Budynek Kultury nominowany zosta\u0142 obiekt: Golgota Wschodu w Bastionie \u015aw.Barbary, Kaplica Jasnog\u00f3rskiej Matki Pojednania na Jasnej G\u00f3rze autorstwa Atelier PS. Poni\u017cej link do pe\u0142nej listy nominowanych realizacji. https:\/\/www.sarp.pl\/pokaz\/lista_nominacji_w_konkursie_nagroda_roku_sarp_2024,3433<\/p>","protected":false},"author":1,"featured_media":0,"parent":0,"menu_order":0,"comment_status":"closed","ping_status":"closed","template":"","meta":{"footnotes":""},"_links":{"self":[{"href":"https:\/\/atelierps.pl\/en\/wp-json\/wp\/v2\/pages\/3528"}],"collection":[{"href":"https:\/\/atelierps.pl\/en\/wp-json\/wp\/v2\/pages"}],"about":[{"href":"https:\/\/atelierps.pl\/en\/wp-json\/wp\/v2\/types\/page"}],"author":[{"embeddable":true,"href":"https:\/\/atelierps.pl\/en\/wp-json\/wp\/v2\/users\/1"}],"replies":[{"embeddable":true,"href":"https:\/\/atelierps.pl\/en\/wp-json\/wp\/v2\/comments?post=3528"}],"version-history":[{"count":1,"href":"https:\/\/atelierps.pl\/en\/wp-json\/wp\/v2\/pages\/3528\/revisions"}],"predecessor-version":[{"id":3529,"href":"https:\/\/atelierps.pl\/en\/wp-json\/wp\/v2\/pages\/3528\/revisions\/3529"}],"wp:attachment":[{"href":"https:\/\/atelierps.pl\/en\/wp-json\/wp\/v2\/media?parent=3528"}],"curies":[{"name":"wp","href":"https:\/\/api.w.org\/{rel}","templated":true}]}}