{"id":1275,"date":"2020-06-08T21:39:15","date_gmt":"2020-06-08T19:39:15","guid":{"rendered":"http:\/\/atelierps.home.pl\/autoinstalator\/wordpress1\/?page_id=1275"},"modified":"2024-12-01T10:30:36","modified_gmt":"2024-12-01T09:30:36","slug":"zespol","status":"publish","type":"page","link":"https:\/\/atelierps.pl\/en\/zespol\/","title":{"rendered":"Team"},"content":{"rendered":"<p>Atelier PS w latach 1989-2024 wsp\u00f3\u0142tworz\u0105:<\/p>\n<p>Miros\u0142aw Polak,\u00a0Marek Skwara<\/p>\n<p>as well as<\/p>\n<ul>\n<li>Bednarczyk Grzegorz<\/li>\n<li>Bereszko Aleksandra<\/li>\n<li>B\u0142asik Marlena<\/li>\n<li>Brzozowicz \u2013 My\u015bliwiec Ma\u0142gorzata<\/li>\n<li>Ciach El\u017cbieta<\/li>\n<li><strong>Cichocki Pawe\u0142<\/strong><\/li>\n<li>Chobot Katarzyna<\/li>\n<li><strong>Chodorowska Anna<\/strong><\/li>\n<li>Danielec Tomasz<\/li>\n<li>Davy Andrew<\/li>\n<li>D\u0105browski Adam<\/li>\n<li>Drapa Zbigniew<\/li>\n<li>Dziewa Joanna<\/li>\n<li>Gliwa Zbigniew<\/li>\n<li>Gutowski Maciej<\/li>\n<li>Grys Grzegorz<\/li>\n<li>Janik Wojciech<\/li>\n<li><strong>Jatczak Micha\u0142<\/strong><\/li>\n<li><strong>J\u0119drusiak Grzegorz<\/strong><\/li>\n<li>Kazek Wojciech<\/li>\n<li>Ko\u0142odziejczyk Jaros\u0142aw<\/li>\n<li>Korbel Joanna<\/li>\n<li>Kowacka Ma\u0142gorzata<\/li>\n<li>Kozio\u0142 \u2013 Ptak Martyna<\/li>\n<li>Koziarski Wojciech<\/li>\n<li>Krzy\u017cowska Magdalena<\/li>\n<li>Kucza Witold<\/li>\n<li>Laskowski Micha\u0142<\/li>\n<li>\u0141apeta Piotr<\/li>\n<li>\u0141abuz Ewa<\/li>\n<li>Mach Ma\u0142gorzata<\/li>\n<li>Malina Romuald<\/li>\n<li>Ma\u0144ka Jaros\u0142aw<\/li>\n<li><strong>Matyja \u2013 Rustanowicz Agnieszka<\/strong><\/li>\n<li>Mielcarska Magdalena<\/li>\n<li>Mierzwa \u2013 \u0141omnicka Aleksandra<\/li>\n<li>Nikiel Alicja<\/li>\n<li>Nogalski Seweryn<\/li>\n<li>Paj\u0105k \u2013 Dymna Magdalena<\/li>\n<li>Pawlikowska \u2013 Musiewicz Sylwia<\/li>\n<li>Plewniok Aleksandra<\/li>\n<li>Polak Miriam<\/li>\n<li>Pude\u0142ko Piotr<\/li>\n<li><strong>Romanek Anna<\/strong><\/li>\n<li>Rupniewski Leszek<\/li>\n<li>Rzepka Marta<\/li>\n<li>Samek Tomasz<\/li>\n<li>Sarnik Aleksandra<\/li>\n<li>Simpson Joe<\/li>\n<li>S\u0142u\u017ca\u0142ek Joanna<\/li>\n<li><strong>So\u0142ek Ma\u0142gorzata<\/strong><\/li>\n<li>Smyk Maciej<\/li>\n<li>Stachurska Marta<\/li>\n<li>Sta\u0144czyk Agnieszka<\/li>\n<li>Szurek \u2013 Le\u015b Ma\u0142gorzata<\/li>\n<li>Szyd\u0142owska \u2013 Laskowska Agnieszka<\/li>\n<li>Szwaja Artur<\/li>\n<li><strong>Szwajnoch Magdalena<\/strong><\/li>\n<li>\u015aredniawa Barbara<\/li>\n<li>Wrzo\u0142ek Bart\u0142omiej<\/li>\n<li>Wilk Monika<\/li>\n<li>Zamczewska \u2013 Zjawiony Monika<\/li>\n<li>Zjawiony Dariusz<\/li>\n<li>Zadros Ewa<\/li>\n<li><span style=\"font-size: inherit;\">Zasadzie\u0144 Marlena<\/span><\/li>\n<\/ul>","protected":false},"excerpt":{"rendered":"<p>Atelier PS w latach 1989-2024 wsp\u00f3\u0142tworz\u0105: Miros\u0142aw Polak,\u00a0Marek Skwara oraz Bednarczyk Grzegorz Bereszko Aleksandra B\u0142asik Marlena Brzozowicz \u2013 My\u015bliwiec Ma\u0142gorzata Ciach El\u017cbieta Cichocki Pawe\u0142 Chobot Katarzyna Chodorowska Anna Danielec Tomasz Davy Andrew D\u0105browski Adam Drapa Zbigniew Dziewa Joanna Gliwa Zbigniew Gutowski Maciej Grys Grzegorz Janik Wojciech Jatczak Micha\u0142 J\u0119drusiak Grzegorz Kazek Wojciech Ko\u0142odziejczyk Jaros\u0142aw Korbel [&hellip;]<\/p>","protected":false},"author":1,"featured_media":0,"parent":0,"menu_order":0,"comment_status":"closed","ping_status":"closed","template":"","meta":{"footnotes":""},"_links":{"self":[{"href":"https:\/\/atelierps.pl\/en\/wp-json\/wp\/v2\/pages\/1275"}],"collection":[{"href":"https:\/\/atelierps.pl\/en\/wp-json\/wp\/v2\/pages"}],"about":[{"href":"https:\/\/atelierps.pl\/en\/wp-json\/wp\/v2\/types\/page"}],"author":[{"embeddable":true,"href":"https:\/\/atelierps.pl\/en\/wp-json\/wp\/v2\/users\/1"}],"replies":[{"embeddable":true,"href":"https:\/\/atelierps.pl\/en\/wp-json\/wp\/v2\/comments?post=1275"}],"version-history":[{"count":4,"href":"https:\/\/atelierps.pl\/en\/wp-json\/wp\/v2\/pages\/1275\/revisions"}],"predecessor-version":[{"id":3580,"href":"https:\/\/atelierps.pl\/en\/wp-json\/wp\/v2\/pages\/1275\/revisions\/3580"}],"wp:attachment":[{"href":"https:\/\/atelierps.pl\/en\/wp-json\/wp\/v2\/media?parent=1275"}],"curies":[{"name":"wp","href":"https:\/\/api.w.org\/{rel}","templated":true}]}}